{"id":9515,"date":"2022-01-23T02:34:16","date_gmt":"2022-01-23T02:34:16","guid":{"rendered":"https:\/\/horaetape.com\/?page_id=9515"},"modified":"2023-07-12T08:23:12","modified_gmt":"2023-07-12T08:23:12","slug":"resources","status":"publish","type":"page","link":"https:\/\/horaetape.com\/de\/resources\/","title":{"rendered":"Ressourcen"},"content":{"rendered":"<div data-elementor-type=\"wp-page\" data-elementor-id=\"9515\" class=\"elementor elementor-9515\" data-elementor-settings=\"{&quot;ha_cmc_init_switcher&quot;:&quot;no&quot;}\" data-elementor-post-type=\"page\">\n\t\t\t\t\t\t<section class=\"elementor-section elementor-top-section elementor-element elementor-element-2cd38b13 elementor-section-height-min-height elementor-section-boxed elementor-section-height-default elementor-section-items-middle\" data-id=\"2cd38b13\" data-element_type=\"section\" data-e-type=\"section\" data-settings=\"{&quot;background_background&quot;:&quot;classic&quot;,&quot;_ha_eqh_enable&quot;:false}\">\n\t\t\t\t\t\t<div class=\"elementor-container elementor-column-gap-default\">\n\t\t\t\t\t<div class=\"elementor-column elementor-col-100 elementor-top-column elementor-element elementor-element-1b4c8d0a\" data-id=\"1b4c8d0a\" data-element_type=\"column\" data-e-type=\"column\" data-settings=\"{&quot;background_background&quot;:&quot;classic&quot;}\">\n\t\t\t<div class=\"elementor-widget-wrap elementor-element-populated\">\n\t\t\t\t\t\t<div class=\"elementor-element elementor-element-1b4814d4 elementor-widget elementor-widget-heading\" data-id=\"1b4814d4\" data-element_type=\"widget\" data-e-type=\"widget\" data-widget_type=\"heading.default\">\n\t\t\t\t<div class=\"elementor-widget-container\">\n\t\t\t\t\t<h1 class=\"elementor-heading-title elementor-size-default\">Ressourcen<\/h1>\t\t\t\t<\/div>\n\t\t\t\t<\/div>\n\t\t\t\t\t<\/div>\n\t\t<\/div>\n\t\t\t\t\t<\/div>\n\t\t<\/section>\n\t\t\t\t<section class=\"elementor-section elementor-top-section elementor-element elementor-element-39043ea7 elementor-section-boxed elementor-section-height-default elementor-section-height-default\" data-id=\"39043ea7\" data-element_type=\"section\" data-e-type=\"section\" data-settings=\"{&quot;_ha_eqh_enable&quot;:false}\">\n\t\t\t\t\t\t<div class=\"elementor-container elementor-column-gap-default\">\n\t\t\t\t\t<div class=\"elementor-column elementor-col-66 elementor-top-column elementor-element elementor-element-1623c2de\" data-id=\"1623c2de\" data-element_type=\"column\" data-e-type=\"column\">\n\t\t\t<div class=\"elementor-widget-wrap elementor-element-populated\">\n\t\t\t\t\t\t<div class=\"elementor-element elementor-element-34abbe4f elementor-grid-3 elementor-grid-tablet-2 elementor-grid-mobile-1 elementor-posts--thumbnail-top elementor-widget elementor-widget-posts\" data-id=\"34abbe4f\" data-element_type=\"widget\" data-e-type=\"widget\" data-settings=\"{&quot;pagination_type&quot;:&quot;numbers&quot;,&quot;classic_columns&quot;:&quot;3&quot;,&quot;classic_columns_tablet&quot;:&quot;2&quot;,&quot;classic_columns_mobile&quot;:&quot;1&quot;,&quot;classic_row_gap&quot;:{&quot;unit&quot;:&quot;px&quot;,&quot;size&quot;:35,&quot;sizes&quot;:[]},&quot;classic_row_gap_tablet&quot;:{&quot;unit&quot;:&quot;px&quot;,&quot;size&quot;:&quot;&quot;,&quot;sizes&quot;:[]},&quot;classic_row_gap_mobile&quot;:{&quot;unit&quot;:&quot;px&quot;,&quot;size&quot;:&quot;&quot;,&quot;sizes&quot;:[]}}\" data-widget_type=\"posts.classic\">\n\t\t\t\t<div class=\"elementor-widget-container\">\n\t\t\t\t\t\t\t<div class=\"elementor-posts-container elementor-posts elementor-posts--skin-classic elementor-grid\" role=\"list\">\n\t\t\t\t<article class=\"elementor-post elementor-grid-item post-19652 post type-post status-publish format-standard hentry category-all\" role=\"listitem\">\n\t\t\t\t<div class=\"elementor-post__text\">\n\t\t\t\t<h3 class=\"elementor-post__title\">\n\t\t\t<a href=\"https:\/\/horaetape.com\/de\/application-of-high-temperature-pi-adhesive-tape-in-the-pvd-coating-process\/\" >\n\t\t\t\tApplication of High-Temperature PI Adhesive Tape in the PVD Coating Process\t\t\t<\/a>\n\t\t<\/h3>\n\t\t\t\t<div class=\"elementor-post__excerpt\">\n\t\t\t<p>Application of High-temperature PI Adhesive Tape in the PVD Coating Process 2025\/01\/22 About High-temperature PI Adhesive Tape Introduction to the PVD Coating Process Physical Vapor<\/p>\n\t\t<\/div>\n\t\t\n\t\t<a class=\"elementor-post__read-more\" href=\"https:\/\/horaetape.com\/de\/application-of-high-temperature-pi-adhesive-tape-in-the-pvd-coating-process\/\" aria-label=\"Mehr \u00fcber Application of High-Temperature PI Adhesive Tape in the PVD Coating Process\" tabindex=\"-1\" >\n\t\t\tLesen Sie mehr \u00bb\t\t<\/a>\n\n\t\t\t\t<\/div>\n\t\t\t\t<\/article>\n\t\t\t\t<article class=\"elementor-post elementor-grid-item post-19255 post type-post status-publish format-standard has-post-thumbnail hentry category-all category-release-liner\" role=\"listitem\">\n\t\t\t\t<a class=\"elementor-post__thumbnail__link\" href=\"https:\/\/horaetape.com\/de\/mold-release-films-in-qfn\/\" tabindex=\"-1\" >\n\t\t\t<div class=\"elementor-post__thumbnail\"><img fetchpriority=\"high\" decoding=\"async\" width=\"300\" height=\"200\" src=\"https:\/\/horaetape.com\/wp-content\/uploads\/2023\/07\/Mold-Release-Film.jpg\" class=\"attachment-medium size-medium wp-image-19378\" alt=\"Mold Release Film\" srcset=\"https:\/\/horaetape.com\/wp-content\/uploads\/2023\/07\/Mold-Release-Film.jpg 300w, https:\/\/horaetape.com\/wp-content\/uploads\/2023\/07\/Mold-Release-Film-18x12.jpg 18w\" sizes=\"(max-width: 300px) 100vw, 300px\" \/><\/div>\n\t\t<\/a>\n\t\t\t\t<div class=\"elementor-post__text\">\n\t\t\t\t<h3 class=\"elementor-post__title\">\n\t\t\t<a href=\"https:\/\/horaetape.com\/de\/mold-release-films-in-qfn\/\" >\n\t\t\t\tFormtrennfolien in QFN-Verpackungsprozessen: Ein umfassender Leitfaden\t\t\t<\/a>\n\t\t<\/h3>\n\t\t\t\t<div class=\"elementor-post__excerpt\">\n\t\t\t<p>Ein charakteristisches Merkmal von Formtrennfolien in QFN-Verpackungen ist ihre F\u00e4higkeit, die Formlebensdauer zu verbessern und Ausfallzeiten zu reduzieren, was zu einer erh\u00f6hten Produktionseffizienz f\u00fchrt.<\/p>\n\t\t<\/div>\n\t\t\n\t\t<a class=\"elementor-post__read-more\" href=\"https:\/\/horaetape.com\/de\/mold-release-films-in-qfn\/\" aria-label=\"Mehr \u00fcber Mold Release Films in QFN Packaging Processes: A Comprehensive Guide\" tabindex=\"-1\" >\n\t\t\tLesen Sie mehr \u00bb\t\t<\/a>\n\n\t\t\t\t<\/div>\n\t\t\t\t<\/article>\n\t\t\t\t<article class=\"elementor-post elementor-grid-item post-18851 post type-post status-publish format-standard has-post-thumbnail hentry category-all\" role=\"listitem\">\n\t\t\t\t<a class=\"elementor-post__thumbnail__link\" href=\"https:\/\/horaetape.com\/de\/exploring-adhesive-transfer-tape\/\" tabindex=\"-1\" >\n\t\t\t<div class=\"elementor-post__thumbnail\"><img decoding=\"async\" width=\"300\" height=\"200\" src=\"https:\/\/horaetape.com\/wp-content\/uploads\/2023\/07\/Adhesive-Transfer-Tape_Feature.jpg\" class=\"attachment-medium size-medium wp-image-19156\" alt=\"Klebetransfertape_Kunst\" srcset=\"https:\/\/horaetape.com\/wp-content\/uploads\/2023\/07\/Adhesive-Transfer-Tape_Feature.jpg 300w, https:\/\/horaetape.com\/wp-content\/uploads\/2023\/07\/Adhesive-Transfer-Tape_Feature-18x12.jpg 18w\" sizes=\"(max-width: 300px) 100vw, 300px\" \/><\/div>\n\t\t<\/a>\n\t\t\t\t<div class=\"elementor-post__text\">\n\t\t\t\t<h3 class=\"elementor-post__title\">\n\t\t\t<a href=\"https:\/\/horaetape.com\/de\/exploring-adhesive-transfer-tape\/\" >\n\t\t\t\tKlebetransfertape: Tief eingetaucht in den Verbund in 6 Teilen\t\t\t<\/a>\n\t\t<\/h3>\n\t\t\t\t<div class=\"elementor-post__excerpt\">\n\t\t\t<p>Entdecken Sie die Kraft des Klebetransfertapes. Sp\u00fcren Sie die Verbindung, die es schafft, langlebige und zuverl\u00e4ssige L\u00f6sungen f\u00fcr Ihre Bed\u00fcrfnisse zu bieten.<\/p>\n\t\t<\/div>\n\t\t\n\t\t<a class=\"elementor-post__read-more\" href=\"https:\/\/horaetape.com\/de\/exploring-adhesive-transfer-tape\/\" aria-label=\"Mehr \u00fcber Adhesive Transfer Tape: Diving Deep into the Bond in 6 Parts\" tabindex=\"-1\" >\n\t\t\tLesen Sie mehr \u00bb\t\t<\/a>\n\n\t\t\t\t<\/div>\n\t\t\t\t<\/article>\n\t\t\t\t<article class=\"elementor-post elementor-grid-item post-18567 post type-post status-publish format-standard has-post-thumbnail hentry category-all\" role=\"listitem\">\n\t\t\t\t<a class=\"elementor-post__thumbnail__link\" href=\"https:\/\/horaetape.com\/de\/the-thinnest-double-sided-tape\/\" tabindex=\"-1\" >\n\t\t\t<div class=\"elementor-post__thumbnail\"><img decoding=\"async\" width=\"300\" height=\"200\" src=\"https:\/\/horaetape.com\/wp-content\/uploads\/2023\/06\/Thin-double-sided-tape.jpg\" class=\"attachment-medium size-medium wp-image-18842\" alt=\"Thin double sided tape\" srcset=\"https:\/\/horaetape.com\/wp-content\/uploads\/2023\/06\/Thin-double-sided-tape.jpg 300w, https:\/\/horaetape.com\/wp-content\/uploads\/2023\/06\/Thin-double-sided-tape-18x12.jpg 18w\" sizes=\"(max-width: 300px) 100vw, 300px\" \/><\/div>\n\t\t<\/a>\n\t\t\t\t<div class=\"elementor-post__text\">\n\t\t\t\t<h3 class=\"elementor-post__title\">\n\t\t\t<a href=\"https:\/\/horaetape.com\/de\/the-thinnest-double-sided-tape\/\" >\n\t\t\t\tDas d\u00fcnnste doppelseitige Klebeband: 0,005mm\t\t\t<\/a>\n\t\t<\/h3>\n\t\t\t\t<div class=\"elementor-post__excerpt\">\n\t\t\t<p>Erleben Sie das d\u00fcnnste doppelseitige Klebeband \u2013 0,005mm dick. Ideal f\u00fcr Ihre pr\u00e4zisen Verklebungsbed\u00fcrfnisse.<\/p>\n\t\t<\/div>\n\t\t\n\t\t<a class=\"elementor-post__read-more\" href=\"https:\/\/horaetape.com\/de\/the-thinnest-double-sided-tape\/\" aria-label=\"Mehr \u00fcber The Thinnest Double Sided Tape: 0.005mm\" tabindex=\"-1\" >\n\t\t\tLesen Sie mehr \u00bb\t\t<\/a>\n\n\t\t\t\t<\/div>\n\t\t\t\t<\/article>\n\t\t\t\t<article class=\"elementor-post elementor-grid-item post-17040 post type-post status-publish format-standard has-post-thumbnail hentry category-case-study category-all\" role=\"listitem\">\n\t\t\t\t<a class=\"elementor-post__thumbnail__link\" href=\"https:\/\/horaetape.com\/de\/schwarzem-polyesterfilm\/\" tabindex=\"-1\" >\n\t\t\t<div class=\"elementor-post__thumbnail\"><img loading=\"lazy\" decoding=\"async\" width=\"300\" height=\"200\" src=\"https:\/\/horaetape.com\/wp-content\/uploads\/2023\/05\/Black-PET-Film.jpg\" class=\"attachment-medium size-medium wp-image-17170\" alt=\"Black PET Film\" \/><\/div>\n\t\t<\/a>\n\t\t\t\t<div class=\"elementor-post__text\">\n\t\t\t\t<h3 class=\"elementor-post__title\">\n\t\t\t<a href=\"https:\/\/horaetape.com\/de\/schwarzem-polyesterfilm\/\" >\n\t\t\t\tSchwarze Polyesterfolie: Erfassen Sie sofort Eleganz!\t\t\t<\/a>\n\t\t<\/h3>\n\t\t\t\t<div class=\"elementor-post__excerpt\">\n\t\t\t<p>Entdecken Sie den besten schwarzen Polyesterfilm f\u00fcr Ihre Produktionsbed\u00fcrfnisse. Hochwertiges und langlebiges Material jetzt verf\u00fcgbar.<\/p>\n\t\t<\/div>\n\t\t\n\t\t<a class=\"elementor-post__read-more\" href=\"https:\/\/horaetape.com\/de\/schwarzem-polyesterfilm\/\" aria-label=\"Mehr \u00fcber Black Polyester Film: Capture Sophistication Instantly\" tabindex=\"-1\" >\n\t\t\tLesen Sie mehr \u00bb\t\t<\/a>\n\n\t\t\t\t<\/div>\n\t\t\t\t<\/article>\n\t\t\t\t<article class=\"elementor-post elementor-grid-item post-16956 post type-post status-publish format-standard has-post-thumbnail hentry category-all\" role=\"listitem\">\n\t\t\t\t<a class=\"elementor-post__thumbnail__link\" href=\"https:\/\/horaetape.com\/de\/differential-adhesive-tapes-ultimate-solution\/\" tabindex=\"-1\" >\n\t\t\t<div class=\"elementor-post__thumbnail\"><img loading=\"lazy\" decoding=\"async\" width=\"300\" height=\"225\" src=\"https:\/\/horaetape.com\/wp-content\/uploads\/2021\/07\/Ployster_715-300x225.jpg\" class=\"attachment-medium size-medium wp-image-2451\" alt=\"\" srcset=\"https:\/\/horaetape.com\/wp-content\/uploads\/2021\/07\/Ployster_715-300x225.jpg 300w, https:\/\/horaetape.com\/wp-content\/uploads\/2021\/07\/Ployster_715.jpg 715w\" sizes=\"(max-width: 300px) 100vw, 300px\" \/><\/div>\n\t\t<\/a>\n\t\t\t\t<div class=\"elementor-post__text\">\n\t\t\t\t<h3 class=\"elementor-post__title\">\n\t\t\t<a href=\"https:\/\/horaetape.com\/de\/differential-adhesive-tapes-ultimate-solution\/\" >\n\t\t\t\tDifferential Klebeb\u00e4nder: Die ultimativen L\u00f6sungen\t\t\t<\/a>\n\t\t<\/h3>\n\t\t\t\t<div class=\"elementor-post__excerpt\">\n\t\t\t<p>Erhalten Sie die ultimative L\u00f6sung f\u00fcr Ihren Bedarf an Klebeb\u00e4ndern mit differentialen Klebeb\u00e4ndern. Diese sind vielseitig und. <\/p>\n\t\t<\/div>\n\t\t\n\t\t<a class=\"elementor-post__read-more\" href=\"https:\/\/horaetape.com\/de\/differential-adhesive-tapes-ultimate-solution\/\" aria-label=\"Mehr \u00fcber Differential Adhesive Tapes: The Ultimate Solution\" tabindex=\"-1\" >\n\t\t\tLesen Sie mehr \u00bb\t\t<\/a>\n\n\t\t\t\t<\/div>\n\t\t\t\t<\/article>\n\t\t\t\t<\/div>\n\t\t\n\t\t\t\t<div class=\"e-load-more-anchor\" data-page=\"1\" data-max-page=\"5\" data-next-page=\"https:\/\/horaetape.com\/wp-json\/wp\/v2\/pages\/9515\/page\/2\/\"><\/div>\n\t\t\t\t<nav class=\"elementor-pagination\" aria-label=\"Seitennummerierung\">\n\t\t\t<span aria-current=\"page\" class=\"page-numbers current\"><span class=\"elementor-screen-only\">Seite<\/span>1<\/span>\n<a class=\"page-numbers\" href=\"https:\/\/horaetape.com\/wp-json\/wp\/v2\/pages\/9515\/page\/2\/\"><span class=\"elementor-screen-only\">Seite<\/span>2<\/a>\n<a class=\"page-numbers\" href=\"https:\/\/horaetape.com\/wp-json\/wp\/v2\/pages\/9515\/page\/3\/\"><span class=\"elementor-screen-only\">Seite<\/span>3<\/a>\n<span class=\"page-numbers dots\">&hellip;<\/span>\n<a class=\"page-numbers\" href=\"https:\/\/horaetape.com\/wp-json\/wp\/v2\/pages\/9515\/page\/5\/\"><span class=\"elementor-screen-only\">Seite<\/span>5<\/a>\t\t<\/nav>\n\t\t\t\t\t\t<\/div>\n\t\t\t\t<\/div>\n\t\t\t\t\t<\/div>\n\t\t<\/div>\n\t\t\t\t<div class=\"elementor-column elementor-col-33 elementor-top-column elementor-element elementor-element-ba70475\" data-id=\"ba70475\" data-element_type=\"column\" data-e-type=\"column\">\n\t\t\t<div class=\"elementor-widget-wrap elementor-element-populated\">\n\t\t\t\t\t\t<div class=\"elementor-element elementor-element-28c176e3 elementor-widget elementor-widget-heading\" data-id=\"28c176e3\" data-element_type=\"widget\" data-e-type=\"widget\" data-widget_type=\"heading.default\">\n\t\t\t\t<div class=\"elementor-widget-container\">\n\t\t\t\t\t<h2 class=\"elementor-heading-title elementor-size-default\">Kategorie<\/h2>\t\t\t\t<\/div>\n\t\t\t\t<\/div>\n\t\t\t\t<div class=\"elementor-element elementor-element-869b366 elementor-widget elementor-widget-ha-taxonomy-list happy-addon ha-taxonomy-list\" data-id=\"869b366\" data-element_type=\"widget\" data-e-type=\"widget\" data-widget_type=\"ha-taxonomy-list.default\">\n\t\t\t\t<div class=\"elementor-widget-container\">\n\t\t\t\t\t\t\t\t<div class=\"ha-taxonomy-list-wrapper\">\n\t\t\t\t<ul class=\"ha-taxonomy-list\" >\n\t\t\t\t\t\t\t\t\t<li class=\"ha-taxonomy-list-item\">\n\t\t\t\t\t\t<a href=\"https:\/\/horaetape.com\/de\/category\/all\/\">\n\t\t\t\t\t\t\t\t\t\t\t\t\t\t<span class=\"ha-taxonomy-list-icon\"><i aria-hidden=\"true\" class=\"fas fa-angle-right\"><\/i><\/span>\t\t\t\t\t\t\t<h2 class=\"ha-taxonomy-list-title\">Alle<\/h2>\t\t\t\t\t\t<\/a>\n\t\t\t\t\t<\/li>\n\t\t\t\t\t\t\t\t\t\t\t\t\t\t<li class=\"ha-taxonomy-list-item\">\n\t\t\t\t\t\t<a href=\"https:\/\/horaetape.com\/de\/category\/all\/adhesive-tape-101\/\">\n\t\t\t\t\t\t\t\t\t\t\t\t\t\t<span class=\"ha-taxonomy-list-icon\"><i aria-hidden=\"true\" class=\"fas fa-angle-right\"><\/i><\/span>\t\t\t\t\t\t\t<h2 class=\"ha-taxonomy-list-title\">Klebeband 101<\/h2>\t\t\t\t\t\t<\/a>\n\t\t\t\t\t<\/li>\n\t\t\t\t\t\t\t\t\t\t\t\t\t\t<li class=\"ha-taxonomy-list-item\">\n\t\t\t\t\t\t<a href=\"https:\/\/horaetape.com\/de\/category\/all\/release-liner\/\">\n\t\t\t\t\t\t\t\t\t\t\t\t\t\t<span class=\"ha-taxonomy-list-icon\"><i aria-hidden=\"true\" class=\"fas fa-angle-right\"><\/i><\/span>\t\t\t\t\t\t\t<h2 class=\"ha-taxonomy-list-title\">Trennpapier<\/h2>\t\t\t\t\t\t<\/a>\n\t\t\t\t\t<\/li>\n\t\t\t\t\t\t\t\t\t\t\t\t\t\t<li class=\"ha-taxonomy-list-item\">\n\t\t\t\t\t\t<a href=\"https:\/\/horaetape.com\/de\/category\/all\/foam-tape\/\">\n\t\t\t\t\t\t\t\t\t\t\t\t\t\t<span class=\"ha-taxonomy-list-icon\"><i aria-hidden=\"true\" class=\"fas fa-angle-right\"><\/i><\/span>\t\t\t\t\t\t\t<h2 class=\"ha-taxonomy-list-title\">Schaumband<\/h2>\t\t\t\t\t\t<\/a>\n\t\t\t\t\t<\/li>\n\t\t\t\t\t\t\t\t\t<\/ul>\n\t\t\t<\/div>\n\t\t\t\t\t\t<\/div>\n\t\t\t\t<\/div>\n\t\t\t\t\t<\/div>\n\t\t<\/div>\n\t\t\t\t\t<\/div>\n\t\t<\/section>\n\t\t\t\t<\/div>","protected":false},"excerpt":{"rendered":"<p>Resources Home Category All Adhesive Tape 101 Release Liner Foam Tape<\/p>","protected":false},"author":1,"featured_media":0,"parent":0,"menu_order":0,"comment_status":"closed","ping_status":"closed","template":"","meta":{"footnotes":""},"class_list":["post-9515","page","type-page","status-publish","hentry"],"_links":{"self":[{"href":"https:\/\/horaetape.com\/de\/wp-json\/wp\/v2\/pages\/9515","targetHints":{"allow":["GET"]}}],"collection":[{"href":"https:\/\/horaetape.com\/de\/wp-json\/wp\/v2\/pages"}],"about":[{"href":"https:\/\/horaetape.com\/de\/wp-json\/wp\/v2\/types\/page"}],"author":[{"embeddable":true,"href":"https:\/\/horaetape.com\/de\/wp-json\/wp\/v2\/users\/1"}],"replies":[{"embeddable":true,"href":"https:\/\/horaetape.com\/de\/wp-json\/wp\/v2\/comments?post=9515"}],"version-history":[{"count":0,"href":"https:\/\/horaetape.com\/de\/wp-json\/wp\/v2\/pages\/9515\/revisions"}],"wp:attachment":[{"href":"https:\/\/horaetape.com\/de\/wp-json\/wp\/v2\/media?parent=9515"}],"curies":[{"name":"wp","href":"https:\/\/api.w.org\/{rel}","templated":true}]}}