{"id":6288,"date":"2021-11-04T07:33:27","date_gmt":"2021-11-04T07:33:27","guid":{"rendered":"https:\/\/horaetape.com\/?page_id=6288"},"modified":"2022-06-15T00:32:57","modified_gmt":"2022-06-15T00:32:57","slug":"about","status":"publish","type":"page","link":"https:\/\/horaetape.com\/de\/about\/","title":{"rendered":"\u00dcber"},"content":{"rendered":"<div data-elementor-type=\"wp-page\" data-elementor-id=\"6288\" class=\"elementor elementor-6288\" data-elementor-settings=\"{&quot;ha_cmc_init_switcher&quot;:&quot;no&quot;}\" data-elementor-post-type=\"page\">\n\t\t\t\t\t\t<section class=\"elementor-section elementor-top-section elementor-element elementor-element-40aaec8 elementor-section-height-min-height elementor-section-boxed elementor-section-height-default elementor-section-items-middle\" data-id=\"40aaec8\" data-element_type=\"section\" data-e-type=\"section\" data-settings=\"{&quot;background_background&quot;:&quot;classic&quot;,&quot;shape_divider_bottom&quot;:&quot;opacity-tilt&quot;,&quot;_ha_eqh_enable&quot;:false}\">\n\t\t\t\t\t\t\t<div class=\"elementor-background-overlay\"><\/div>\n\t\t\t\t\t\t<div class=\"elementor-shape elementor-shape-bottom\" aria-hidden=\"true\" data-negative=\"false\">\n\t\t\t<svg xmlns=\"http:\/\/www.w3.org\/2000\/svg\" viewbox=\"0 0 2600 131.1\" preserveaspectratio=\"none\">\n\t<path class=\"elementor-shape-fill\" d=\"M0 0L2600 0 2600 69.1 0 0z\"\/>\n\t<path class=\"elementor-shape-fill\" style=\"opacity:0.5\" d=\"M0 0L2600 0 2600 69.1 0 69.1z\"\/>\n\t<path class=\"elementor-shape-fill\" style=\"opacity:0.25\" d=\"M2600 0L0 0 0 130.1 2600 69.1z\"\/>\n<\/svg>\t\t<\/div>\n\t\t\t\t\t<div class=\"elementor-container elementor-column-gap-default\">\n\t\t\t\t\t<div class=\"elementor-column elementor-col-100 elementor-top-column elementor-element elementor-element-53f7011\" data-id=\"53f7011\" data-element_type=\"column\" data-e-type=\"column\">\n\t\t\t<div class=\"elementor-widget-wrap elementor-element-populated\">\n\t\t\t\t\t\t<div class=\"elementor-element elementor-element-2521581 elementor-widget elementor-widget-heading\" data-id=\"2521581\" data-element_type=\"widget\" data-e-type=\"widget\" data-widget_type=\"heading.default\">\n\t\t\t\t<div class=\"elementor-widget-container\">\n\t\t\t\t\t<h1 class=\"elementor-heading-title elementor-size-default\">\u00dcber<\/h1>\t\t\t\t<\/div>\n\t\t\t\t<\/div>\n\t\t\t\t<div class=\"elementor-element elementor-element-8b830ec elementor-widget elementor-widget-text-editor\" data-id=\"8b830ec\" data-element_type=\"widget\" data-e-type=\"widget\" data-widget_type=\"text-editor.default\">\n\t\t\t\t<div class=\"elementor-widget-container\">\n\t\t\t\t\t\t\t\t\tWir sind mehr als nur Klebeband. Unser professionelles Team setzt sich daf\u00fcr ein, Ihnen L\u00f6sungen zu bieten.\n\t\t\t\t\t\t\t\t<\/div>\n\t\t\t\t<\/div>\n\t\t\t\t\t<\/div>\n\t\t<\/div>\n\t\t\t\t\t<\/div>\n\t\t<\/section>\n\t\t\t\t<section class=\"elementor-section elementor-top-section elementor-element elementor-element-4d2c154 elementor-section-height-min-height elementor-section-boxed elementor-section-height-default elementor-section-items-middle\" data-id=\"4d2c154\" data-element_type=\"section\" data-e-type=\"section\" data-settings=\"{&quot;_ha_eqh_enable&quot;:false}\">\n\t\t\t\t\t\t<div class=\"elementor-container elementor-column-gap-default\">\n\t\t\t\t\t<div class=\"elementor-column elementor-col-100 elementor-top-column elementor-element elementor-element-1e837a4\" data-id=\"1e837a4\" data-element_type=\"column\" data-e-type=\"column\">\n\t\t\t<div class=\"elementor-widget-wrap elementor-element-populated\">\n\t\t\t\t\t\t<div class=\"elementor-element elementor-element-118cdcc elementor-widget elementor-widget-text-editor\" data-id=\"118cdcc\" data-element_type=\"widget\" data-e-type=\"widget\" data-widget_type=\"text-editor.default\">\n\t\t\t\t<div class=\"elementor-widget-container\">\n\t\t\t\t\t\t\t\t\t<p>Horae New Material kombiniert Materialexperten mit einem Verst\u00e4ndnis f\u00fcr die neuen Probleme, die sie l\u00f6sen k\u00f6nnen. Durch die Nutzung von Technologie, Branchenkenntnissen und F\u00e4higkeiten zur Herstellung innovativer Klebstoffprodukte konnten wir unseren Kunden dabei helfen, Probleme im Bauwesen, bei der Installation und bei der Produktfertigung zu \u00fcberwinden, um neue Effizienzniveaus zu erreichen.<\/p><p>\u00a0<\/p><p>Wir betrachten uns als ein Technologieunternehmen, weil wir durch den Einsatz von fortschrittlichen Technologien in Verbindung mit Forschung und Entwicklung in der Lage sind, branchenf\u00fchrende und leistungsf\u00e4hige Klebeb\u00e4nder zu erstellen, die einzigartige, individuelle Bed\u00fcrfnisse f\u00fcr eine stabile und effektive Produktfertigung erf\u00fcllen.<\/p><p>\u00a0<\/p><p>Unsere Klebeb\u00e4nder werden intensiv in Smartphones, intelligenten tragbaren Ger\u00e4ten, Haushaltsger\u00e4ten, Automobilen, Strombatterien, Halbleitern, medizinischen Ger\u00e4ten und vielen anderen Branchen eingesetzt. Seit wir 2011 begonnen haben, haben wir ein Team von serviceorientierten, sachkundigen Fachleuten zusammengestellt, die uns geholfen haben, einige der gr\u00f6\u00dften Fertigungsunternehmen weltweit zu bedienen. Wir haben uns als f\u00fchrender Anbieter von Klebeb\u00e4ndern positioniert und da wir einige der relevantesten Produktunternehmen der Welt beliefern, k\u00f6nnen Sie sicher sein, dass Sie in f\u00e4higen H\u00e4nden sind.<\/p>\t\t\t\t\t\t\t\t<\/div>\n\t\t\t\t<\/div>\n\t\t\t\t\t<\/div>\n\t\t<\/div>\n\t\t\t\t\t<\/div>\n\t\t<\/section>\n\t\t\t\t<section class=\"elementor-section elementor-top-section elementor-element elementor-element-f402a30 elementor-section-height-min-height elementor-section-boxed elementor-section-height-default elementor-section-items-middle\" data-id=\"f402a30\" data-element_type=\"section\" data-e-type=\"section\" data-settings=\"{&quot;background_background&quot;:&quot;classic&quot;,&quot;shape_divider_top&quot;:&quot;opacity-tilt&quot;,&quot;_ha_eqh_enable&quot;:false}\">\n\t\t\t\t\t<div class=\"elementor-shape elementor-shape-top\" aria-hidden=\"true\" data-negative=\"false\">\n\t\t\t<svg xmlns=\"http:\/\/www.w3.org\/2000\/svg\" viewbox=\"0 0 2600 131.1\" preserveaspectratio=\"none\">\n\t<path class=\"elementor-shape-fill\" d=\"M0 0L2600 0 2600 69.1 0 0z\"\/>\n\t<path class=\"elementor-shape-fill\" style=\"opacity:0.5\" d=\"M0 0L2600 0 2600 69.1 0 69.1z\"\/>\n\t<path class=\"elementor-shape-fill\" style=\"opacity:0.25\" d=\"M2600 0L0 0 0 130.1 2600 69.1z\"\/>\n<\/svg>\t\t<\/div>\n\t\t\t\t\t<div class=\"elementor-container elementor-column-gap-default\">\n\t\t\t\t\t<div class=\"elementor-column elementor-col-100 elementor-top-column elementor-element elementor-element-bebd29e\" data-id=\"bebd29e\" data-element_type=\"column\" data-e-type=\"column\">\n\t\t\t<div class=\"elementor-widget-wrap elementor-element-populated\">\n\t\t\t\t\t\t<div class=\"elementor-element elementor-element-f477417 elementor-widget elementor-widget-heading\" data-id=\"f477417\" data-element_type=\"widget\" data-e-type=\"widget\" data-widget_type=\"heading.default\">\n\t\t\t\t<div class=\"elementor-widget-container\">\n\t\t\t\t\t<h2 class=\"elementor-heading-title elementor-size-default\">Kern Technologien<\/h2>\t\t\t\t<\/div>\n\t\t\t\t<\/div>\n\t\t\t\t<div class=\"elementor-element elementor-element-df86ed2 elementor-widget__width-initial elementor-widget-mobile__width-initial elementor-position-top elementor-widget elementor-widget-image-box\" data-id=\"df86ed2\" data-element_type=\"widget\" data-e-type=\"widget\" data-widget_type=\"image-box.default\">\n\t\t\t\t<div class=\"elementor-widget-container\">\n\t\t\t\t\t<div class=\"elementor-image-box-wrapper\"><figure class=\"elementor-image-box-img\"><img decoding=\"async\" width=\"150\" height=\"150\" src=\"https:\/\/horaetape.com\/wp-content\/uploads\/2021\/12\/Coating-Technology-150x150.jpg\" class=\"attachment-thumbnail size-thumbnail wp-image-6935\" alt=\"\" srcset=\"https:\/\/horaetape.com\/wp-content\/uploads\/2021\/12\/Coating-Technology-150x150.jpg 150w, https:\/\/horaetape.com\/wp-content\/uploads\/2021\/12\/Coating-Technology.jpg 200w\" sizes=\"(max-width: 150px) 100vw, 150px\" \/><\/figure><div class=\"elementor-image-box-content\"><h3 class=\"elementor-image-box-title\">Beschichtungstechnologie<\/h3><\/div><\/div>\t\t\t\t<\/div>\n\t\t\t\t<\/div>\n\t\t\t\t<div class=\"elementor-element elementor-element-f7a0623 elementor-widget__width-initial elementor-widget-mobile__width-initial elementor-position-top elementor-widget elementor-widget-image-box\" data-id=\"f7a0623\" data-element_type=\"widget\" data-e-type=\"widget\" data-widget_type=\"image-box.default\">\n\t\t\t\t<div class=\"elementor-widget-container\">\n\t\t\t\t\t<div class=\"elementor-image-box-wrapper\"><figure class=\"elementor-image-box-img\"><img decoding=\"async\" width=\"150\" height=\"150\" src=\"https:\/\/horaetape.com\/wp-content\/uploads\/2021\/12\/Coating-Material-150x150.jpg\" class=\"attachment-thumbnail size-thumbnail wp-image-6934\" alt=\"\" srcset=\"https:\/\/horaetape.com\/wp-content\/uploads\/2021\/12\/Coating-Material-150x150.jpg 150w, https:\/\/horaetape.com\/wp-content\/uploads\/2021\/12\/Coating-Material.jpg 200w\" sizes=\"(max-width: 150px) 100vw, 150px\" \/><\/figure><div class=\"elementor-image-box-content\"><h3 class=\"elementor-image-box-title\">Beschichtungsmaterialien<\/h3><\/div><\/div>\t\t\t\t<\/div>\n\t\t\t\t<\/div>\n\t\t\t\t<div class=\"elementor-element elementor-element-5352780 elementor-widget__width-initial elementor-widget-mobile__width-initial elementor-position-top elementor-widget elementor-widget-image-box\" data-id=\"5352780\" data-element_type=\"widget\" data-e-type=\"widget\" data-widget_type=\"image-box.default\">\n\t\t\t\t<div class=\"elementor-widget-container\">\n\t\t\t\t\t<div class=\"elementor-image-box-wrapper\"><figure class=\"elementor-image-box-img\"><img decoding=\"async\" width=\"150\" height=\"150\" src=\"https:\/\/horaetape.com\/wp-content\/uploads\/2021\/12\/Composite-Material-150x150.jpg\" class=\"attachment-thumbnail size-thumbnail wp-image-6933\" alt=\"\" srcset=\"https:\/\/horaetape.com\/wp-content\/uploads\/2021\/12\/Composite-Material-150x150.jpg 150w, https:\/\/horaetape.com\/wp-content\/uploads\/2021\/12\/Composite-Material.jpg 200w\" sizes=\"(max-width: 150px) 100vw, 150px\" \/><\/figure><div class=\"elementor-image-box-content\"><h3 class=\"elementor-image-box-title\">Verbundwerkstoff<\/h3><\/div><\/div>\t\t\t\t<\/div>\n\t\t\t\t<\/div>\n\t\t\t\t\t<\/div>\n\t\t<\/div>\n\t\t\t\t\t<\/div>\n\t\t<\/section>\n\t\t\t\t<\/div>","protected":false},"excerpt":{"rendered":"<p>About We are more than just tape. Our professional team is committed to providing you with solutions. Horae New Material combines material experts with an understanding of the new problems they can solve. By harnessing technology, industry expertise, and capabilities to produce innovative adhesive products, we\u2019ve been able to help our customers overcome construction, installation, [&hellip;]<\/p>","protected":false},"author":1,"featured_media":0,"parent":0,"menu_order":0,"comment_status":"closed","ping_status":"closed","template":"","meta":{"footnotes":""},"class_list":["post-6288","page","type-page","status-publish","hentry"],"_links":{"self":[{"href":"https:\/\/horaetape.com\/de\/wp-json\/wp\/v2\/pages\/6288","targetHints":{"allow":["GET"]}}],"collection":[{"href":"https:\/\/horaetape.com\/de\/wp-json\/wp\/v2\/pages"}],"about":[{"href":"https:\/\/horaetape.com\/de\/wp-json\/wp\/v2\/types\/page"}],"author":[{"embeddable":true,"href":"https:\/\/horaetape.com\/de\/wp-json\/wp\/v2\/users\/1"}],"replies":[{"embeddable":true,"href":"https:\/\/horaetape.com\/de\/wp-json\/wp\/v2\/comments?post=6288"}],"version-history":[{"count":0,"href":"https:\/\/horaetape.com\/de\/wp-json\/wp\/v2\/pages\/6288\/revisions"}],"wp:attachment":[{"href":"https:\/\/horaetape.com\/de\/wp-json\/wp\/v2\/media?parent=6288"}],"curies":[{"name":"wp","href":"https:\/\/api.w.org\/{rel}","templated":true}]}}