{"id":6039,"date":"2021-11-02T03:26:27","date_gmt":"2021-11-02T03:26:27","guid":{"rendered":"https:\/\/horaetape.com\/?page_id=6039"},"modified":"2023-05-28T10:16:48","modified_gmt":"2023-05-28T10:16:48","slug":"privacy-policy","status":"publish","type":"page","link":"https:\/\/horaetape.com\/de\/privacy-policy\/","title":{"rendered":"Datenschutzrichtlinie"},"content":{"rendered":"<div data-elementor-type=\"wp-page\" data-elementor-id=\"6039\" class=\"elementor elementor-6039\" data-elementor-settings=\"{&quot;ha_cmc_init_switcher&quot;:&quot;no&quot;}\" data-elementor-post-type=\"page\">\n\t\t\t\t\t\t<section class=\"elementor-section elementor-top-section elementor-element elementor-element-72a78fca elementor-section-boxed elementor-section-height-default elementor-section-height-default\" data-id=\"72a78fca\" data-element_type=\"section\" data-e-type=\"section\" data-settings=\"{&quot;_ha_eqh_enable&quot;:false}\">\n\t\t\t\t\t\t<div class=\"elementor-container elementor-column-gap-default\">\n\t\t\t\t\t<div class=\"elementor-column elementor-col-100 elementor-top-column elementor-element elementor-element-1275dfb4\" data-id=\"1275dfb4\" data-element_type=\"column\" data-e-type=\"column\">\n\t\t\t<div class=\"elementor-widget-wrap elementor-element-populated\">\n\t\t\t\t\t\t<div class=\"elementor-element elementor-element-79a4a0a5 elementor-widget elementor-widget-heading\" data-id=\"79a4a0a5\" data-element_type=\"widget\" data-e-type=\"widget\" data-widget_type=\"heading.default\">\n\t\t\t\t<div class=\"elementor-widget-container\">\n\t\t\t\t\t<h2 class=\"elementor-heading-title elementor-size-default\">Datenschutzrichtlinie<\/h2>\t\t\t\t<\/div>\n\t\t\t\t<\/div>\n\t\t\t\t<div class=\"elementor-element elementor-element-1c134420 elementor-widget-divider--view-line elementor-widget elementor-widget-divider\" data-id=\"1c134420\" data-element_type=\"widget\" data-e-type=\"widget\" data-widget_type=\"divider.default\">\n\t\t\t\t<div class=\"elementor-widget-container\">\n\t\t\t\t\t\t\t<div class=\"elementor-divider\">\n\t\t\t<span class=\"elementor-divider-separator\">\n\t\t\t\t\t\t<\/span>\n\t\t<\/div>\n\t\t\t\t\t\t<\/div>\n\t\t\t\t<\/div>\n\t\t\t\t<div class=\"elementor-element elementor-element-54278eca elementor-widget elementor-widget-text-editor\" data-id=\"54278eca\" data-element_type=\"widget\" data-e-type=\"widget\" data-widget_type=\"text-editor.default\">\n\t\t\t\t<div class=\"elementor-widget-container\">\n\t\t\t\t\t\t\t\t\tHorae setzt sich f\u00fcr den Schutz und die ordnungsgem\u00e4\u00dfe Verwendung der pers\u00f6nlichen Informationen unserer Kunden ein. Dementsprechend haben wir diese Richtlinie entwickelt, um darzulegen, welche Informationen wir sammeln und wie wir Ihre Informationen sammeln, verwenden, offenlegen und speichern. Wenn Sie Fragen oder Bedenken bez\u00fcglich der Datenschutzrichtlinie von Horae oder dem Zugriff von Horae auf Ihre pers\u00f6nlichen Informationen oder deren Verwendung haben, kontaktieren Sie uns bitte per E-Mail.\n\t\t\t\t\t\t\t\t<\/div>\n\t\t\t\t<\/div>\n\t\t\t\t<div class=\"elementor-element elementor-element-2d8c2d30 elementor-widget elementor-widget-heading\" data-id=\"2d8c2d30\" data-element_type=\"widget\" data-e-type=\"widget\" data-widget_type=\"heading.default\">\n\t\t\t\t<div class=\"elementor-widget-container\">\n\t\t\t\t\t<h2 class=\"elementor-heading-title elementor-size-default\">Personal Information We Collect &amp; How We Collect Your Information<\/h2>\t\t\t\t<\/div>\n\t\t\t\t<\/div>\n\t\t\t\t<div class=\"elementor-element elementor-element-6edbf779 elementor-widget elementor-widget-text-editor\" data-id=\"6edbf779\" data-element_type=\"widget\" data-e-type=\"widget\" data-widget_type=\"text-editor.default\">\n\t\t\t\t<div class=\"elementor-widget-container\">\n\t\t\t\t\t\t\t\t\t<p>Wir k\u00f6nnen personenbezogene Informationen sammeln, wann immer Sie mit uns interagieren oder kommunizieren. Diese Informationen k\u00f6nnen unter anderem Ihren Namen, Telefonnummer(n), E-Mail-Adresse enthalten. Wir k\u00f6nnen auch mobile Anwendungen anbieten, die automatisch Informationen \u00fcber Ihren Standort von Ihrem mobilen Ger\u00e4t sammeln. Wir k\u00f6nnen diese Informationen gem\u00e4\u00df dieser Richtlinie verwenden und wir k\u00f6nnen diese Informationen auch verwenden, um unsere Produkte und Dienstleistungen zu verbessern.<\/p><p>Wir k\u00f6nnen auch bestimmte zus\u00e4tzliche Informationen sammeln und sie in unseren Protokolldateien speichern. Diese Informationen beinhalten Internetprotokolladressen, Browsertyp und -sprache, Internetdienstanbieter (ISP), verweisende und aussteigende Seiten, Betriebssystem und Datum\/Uhrzeit-Stempel.<\/p>\t\t\t\t\t\t\t\t<\/div>\n\t\t\t\t<\/div>\n\t\t\t\t<div class=\"elementor-element elementor-element-529368ee elementor-widget elementor-widget-heading\" data-id=\"529368ee\" data-element_type=\"widget\" data-e-type=\"widget\" data-widget_type=\"heading.default\">\n\t\t\t\t<div class=\"elementor-widget-container\">\n\t\t\t\t\t<h2 class=\"elementor-heading-title elementor-size-default\">Wie wir Ihre pers\u00f6nlichen Informationen verwenden und offenlegen<\/h2>\t\t\t\t<\/div>\n\t\t\t\t<\/div>\n\t\t\t\t<div class=\"elementor-element elementor-element-17c44b74 elementor-widget elementor-widget-text-editor\" data-id=\"17c44b74\" data-element_type=\"widget\" data-e-type=\"widget\" data-widget_type=\"text-editor.default\">\n\t\t\t\t<div class=\"elementor-widget-container\">\n\t\t\t\t\t\t\t\t\t<p>Wir verwenden Ihre pers\u00f6nlichen Informationen, um unser Gesch\u00e4ft zu betreiben und Ihnen ein zufriedenstellendes Erlebnis und hochwertige Produkte und Dienstleistungen zu bieten. Folgendes sind Beispiele daf\u00fcr, wie wir Ihre pers\u00f6nlichen Informationen verwenden:<\/p><ul><li>Wir k\u00f6nnen Ihre pers\u00f6nlichen Informationen verwenden, um uns bei der Entwicklung und Bereitstellung von qualitativ hochwertigen Produkten und Dienstleistungen zu helfen.<\/li><li>Wir k\u00f6nnen Ihre pers\u00f6nlichen Informationen verwenden, um Sie \u00fcber bevorstehende Veranstaltungen, Werbeaktionen, neue Produkte und dergleichen zu kontaktieren.<\/li><li>Wir k\u00f6nnen Ihre pers\u00f6nlichen Informationen offenlegen, wenn Sie uns dazu auffordern oder wenn wir glauben, dass dies gesetzlich vorgeschrieben ist, bei Rechtsstreitigkeiten und\/oder Anfragen von \u00f6ffentlichen und staatlichen Beh\u00f6rden.<\/li><\/ul>\t\t\t\t\t\t\t\t<\/div>\n\t\t\t\t<\/div>\n\t\t\t\t<div class=\"elementor-element elementor-element-72dbfcbe elementor-widget elementor-widget-heading\" data-id=\"72dbfcbe\" data-element_type=\"widget\" data-e-type=\"widget\" data-widget_type=\"heading.default\">\n\t\t\t\t<div class=\"elementor-widget-container\">\n\t\t\t\t\t<h2 class=\"elementor-heading-title elementor-size-default\">Sicherheit<\/h2>\t\t\t\t<\/div>\n\t\t\t\t<\/div>\n\t\t\t\t<div class=\"elementor-element elementor-element-720debb elementor-widget elementor-widget-text-editor\" data-id=\"720debb\" data-element_type=\"widget\" data-e-type=\"widget\" data-widget_type=\"text-editor.default\">\n\t\t\t\t<div class=\"elementor-widget-container\">\n\t\t\t\t\t\t\t\t\t<p>Horae pflegt bestimmte Protokolle, um die Sicherheit Ihrer Informationen zu sch\u00fctzen. Folgendes sind Beispiele daf\u00fcr, wie wir Ihre pers\u00f6nlichen Informationen sch\u00fctzen:<\/p><ul><li>Wir verwenden die Secure Socket Layer (SSL)-Technologie, um die Daten zu verschl\u00fcsseln, die Sie uns beim Aufgeben einer Bestellung online zur Verf\u00fcgung stellen. Einige Computer k\u00f6nnen m\u00f6glicherweise nicht mit unserem sicheren Server \"kommunizieren\".<\/li><\/ul><p><br \/>Wenn Sie irgendwelche Probleme haben, z\u00f6gern Sie nicht, uns per E-Mail oder Telefon zu kontaktieren.<\/p><p><a href=\"mailto:steven@horaetape.com\">steven@horaetape.com<\/a><br \/>+1-317-835-9501<\/p>\t\t\t\t\t\t\t\t<\/div>\n\t\t\t\t<\/div>\n\t\t\t\t\t<\/div>\n\t\t<\/div>\n\t\t\t\t\t<\/div>\n\t\t<\/section>\n\t\t\t\t<\/div>","protected":false},"excerpt":{"rendered":"<p>Privacy Policy Horae is committed to the protection and proper use of our customers&#8217; personal information. Accordingly, we have developed this Policy to set forth the information we collect and how we collect, use, disclose and store your information. If you have any questions or concerns regarding Horae&#8217;s Privacy Policy or Horae&#8217;s access to or [&hellip;]<\/p>","protected":false},"author":1,"featured_media":0,"parent":0,"menu_order":0,"comment_status":"closed","ping_status":"closed","template":"","meta":{"footnotes":""},"class_list":["post-6039","page","type-page","status-publish","hentry"],"_links":{"self":[{"href":"https:\/\/horaetape.com\/de\/wp-json\/wp\/v2\/pages\/6039","targetHints":{"allow":["GET"]}}],"collection":[{"href":"https:\/\/horaetape.com\/de\/wp-json\/wp\/v2\/pages"}],"about":[{"href":"https:\/\/horaetape.com\/de\/wp-json\/wp\/v2\/types\/page"}],"author":[{"embeddable":true,"href":"https:\/\/horaetape.com\/de\/wp-json\/wp\/v2\/users\/1"}],"replies":[{"embeddable":true,"href":"https:\/\/horaetape.com\/de\/wp-json\/wp\/v2\/comments?post=6039"}],"version-history":[{"count":0,"href":"https:\/\/horaetape.com\/de\/wp-json\/wp\/v2\/pages\/6039\/revisions"}],"wp:attachment":[{"href":"https:\/\/horaetape.com\/de\/wp-json\/wp\/v2\/media?parent=6039"}],"curies":[{"name":"wp","href":"https:\/\/api.w.org\/{rel}","templated":true}]}}